{"id":8,"date":"2017-01-08T21:44:46","date_gmt":"2017-01-08T21:44:46","guid":{"rendered":"http:\/\/studiominnakoski.com\/?page_id=8"},"modified":"2017-08-08T10:33:10","modified_gmt":"2017-08-08T08:33:10","slug":"kuvia","status":"publish","type":"page","link":"http:\/\/studiominnakoski.com\/?page_id=8","title":{"rendered":"Kuvia"},"content":{"rendered":"<div id='gallery-1' class='gallery galleryid-8 gallery-columns-3 gallery-size-thumbnail'><figure class='gallery-item'>\n\t\t\t<div class='gallery-icon landscape'>\n\t\t\t\t<a href='http:\/\/studiominnakoski.com\/?attachment_id=47'><img loading=\"lazy\" decoding=\"async\" width=\"150\" height=\"150\" src=\"http:\/\/studiominnakoski.com\/wp-content\/uploads\/2017\/01\/tausta4-150x150.jpg\" class=\"attachment-thumbnail size-thumbnail\" alt=\"\" aria-describedby=\"gallery-1-47\" \/><\/a>\n\t\t\t<\/div>\n\t\t\t\t<figcaption class='wp-caption-text gallery-caption' id='gallery-1-47'>\n\t\t\t\tBaletti 4&#038;5: Dance Dance Dance (kuva Matti Rusama)\n\t\t\t\t<\/figcaption><\/figure><figure class='gallery-item'>\n\t\t\t<div class='gallery-icon landscape'>\n\t\t\t\t<a href='http:\/\/studiominnakoski.com\/?attachment_id=46'><img loading=\"lazy\" decoding=\"async\" width=\"150\" height=\"150\" src=\"http:\/\/studiominnakoski.com\/wp-content\/uploads\/2017\/01\/tausta3-150x150.jpg\" class=\"attachment-thumbnail size-thumbnail\" alt=\"\" aria-describedby=\"gallery-1-46\" \/><\/a>\n\t\t\t<\/div>\n\t\t\t\t<figcaption class='wp-caption-text gallery-caption' id='gallery-1-46'>\n\t\t\t\tDanzare: Zootopia (kuva Matti Rusama)\n\t\t\t\t<\/figcaption><\/figure><figure class='gallery-item'>\n\t\t\t<div class='gallery-icon portrait'>\n\t\t\t\t<a href='http:\/\/studiominnakoski.com\/?attachment_id=34'><img loading=\"lazy\" decoding=\"async\" width=\"150\" height=\"150\" src=\"http:\/\/studiominnakoski.com\/wp-content\/uploads\/2017\/01\/cropped-tausta1-150x150.jpg\" class=\"attachment-thumbnail size-thumbnail\" alt=\"\" aria-describedby=\"gallery-1-34\" \/><\/a>\n\t\t\t<\/div>\n\t\t\t\t<figcaption class='wp-caption-text gallery-caption' id='gallery-1-34'>\n\t\t\t\tDanzare: Animal in Me (kuva Matti Rusama)\n\t\t\t\t<\/figcaption><\/figure>\n\t\t<\/div>\n\n<p>Kuvat Tanssin\u00e4yt\u00f6ksest\u00e4 DANCE DANCE DANCE 11.12.2017<\/p>\n<p>&nbsp;<\/p>\n","protected":false},"excerpt":{"rendered":"<p>Kuvat Tanssin\u00e4yt\u00f6ksest\u00e4 DANCE DANCE DANCE 11.12.2017 &nbsp;<\/p>\n","protected":false},"author":1,"featured_media":0,"parent":0,"menu_order":0,"comment_status":"closed","ping_status":"closed","template":"","meta":{"footnotes":""},"_links":{"self":[{"href":"http:\/\/studiominnakoski.com\/index.php?rest_route=\/wp\/v2\/pages\/8"}],"collection":[{"href":"http:\/\/studiominnakoski.com\/index.php?rest_route=\/wp\/v2\/pages"}],"about":[{"href":"http:\/\/studiominnakoski.com\/index.php?rest_route=\/wp\/v2\/types\/page"}],"author":[{"embeddable":true,"href":"http:\/\/studiominnakoski.com\/index.php?rest_route=\/wp\/v2\/users\/1"}],"replies":[{"embeddable":true,"href":"http:\/\/studiominnakoski.com\/index.php?rest_route=%2Fwp%2Fv2%2Fcomments&post=8"}],"version-history":[{"count":4,"href":"http:\/\/studiominnakoski.com\/index.php?rest_route=\/wp\/v2\/pages\/8\/revisions"}],"predecessor-version":[{"id":82,"href":"http:\/\/studiominnakoski.com\/index.php?rest_route=\/wp\/v2\/pages\/8\/revisions\/82"}],"wp:attachment":[{"href":"http:\/\/studiominnakoski.com\/index.php?rest_route=%2Fwp%2Fv2%2Fmedia&parent=8"}],"curies":[{"name":"wp","href":"https:\/\/api.w.org\/{rel}","templated":true}]}}