{"id":6,"date":"2017-01-08T21:44:10","date_gmt":"2017-01-08T21:44:10","guid":{"rendered":"http:\/\/studiominnakoski.com\/?page_id=6"},"modified":"2025-08-04T01:34:17","modified_gmt":"2025-08-03T23:34:17","slug":"hinnasto","status":"publish","type":"page","link":"http:\/\/studiominnakoski.com\/?page_id=6","title":{"rendered":"Hinnasto"},"content":{"rendered":"<h2><strong>2025 syyslukukausimaksut <\/strong><\/h2>\n<h2><strong>+ yksitt\u00e4is-, yksityis- &amp; ryhm\u00e4tuntien maksut<\/strong><\/h2>\n<p><img loading=\"lazy\" decoding=\"async\" class=\"alignnone size-medium wp-image-91\" src=\"http:\/\/studiominnakoski.com\/wp-content\/uploads\/2017\/12\/IMG_3879-300x200.jpg\" alt=\"\" width=\"300\" height=\"200\" srcset=\"http:\/\/studiominnakoski.com\/wp-content\/uploads\/2017\/12\/IMG_3879-300x200.jpg 300w, http:\/\/studiominnakoski.com\/wp-content\/uploads\/2017\/12\/IMG_3879-768x512.jpg 768w, http:\/\/studiominnakoski.com\/wp-content\/uploads\/2017\/12\/IMG_3879-1024x683.jpg 1024w\" sizes=\"(max-width: 300px) 100vw, 300px\" \/><\/p>\n<p><strong>Perhealennus<\/strong> lukukausimaksusta toisesta (jne) perheenj\u00e4senest\u00e4 -15% (halvimmasta hinnasta)<\/p>\n<p><strong>Jos haluat maksaa lukukausimaksun useammassa er\u00e4ss\u00e4,<\/strong> ota yhteytt\u00e4 tanssistudioon viimeist\u00e4\u00e4n heti maksulapun saatuasi. jokaiseen maksuun lis\u00e4t\u00e4\u00e4n silloin 5\u20ac (esim. lukukausimaksu on 200\u20ac &#8211; kahdessa er\u00e4ss\u00e4 se on 105\u20ac + 105\u20ac)<\/p>\n<p><strong>Meill\u00e4 voit maksaa tanssitunnit<\/strong> (ei koske n\u00e4yt\u00f6slippuja) my\u00f6s <strong>smartumilla ja e-passilla.<\/strong> Muistathan, ett\u00e4 edut ovat henkil\u00f6kohtaisia. Ilmoitathan aina etuk\u00e4teen maksaessasi tuntisi n\u00e4ill\u00e4 eduilla. Jos et maksa koko maksua smartumilla tai e-passilla, tilille maksettavaan loppuosaan lis\u00e4t\u00e4\u00e4n 5\u20ac ylim\u00e4\u00e4r\u00e4isen\u00e4 kulukorvauksena.<\/p>\n<p><strong>Danzarella ja Danzare juniorilla on oma hinnoittelu.<\/strong><\/p>\n<p><strong>Maksut eiv\u00e4t sis\u00e4ll\u00e4 vakuutusta &#8211; jokainen huolehtii omasta vakuutuksestaan itse.<\/strong><\/p>\n<p><em><strong>HINNASTO:<\/strong><\/em><\/p>\n<p><strong><span style=\"color: #000000;\">Syksy 2025 lukukausimaksu\u00a0 <\/span>\u00a0 \u00a0 \u00a0 \u00a0 \u00a0 \u00a0 \u00a0 \u00a0 \u00a0 \u00a0 \u00a0(sis. alv 14%)<\/strong><\/p>\n<p>Syyslukukausi\u00a0 18 vkoa<\/p>\n<p>Huom! lyrical dance 17 vkoa 270\u20ac (ei alennuksia)<\/p>\n<p>40min\/vko \u00a0 182 \u20ac<\/p>\n<p>50\u00a0 \u00a0 \u00a0 \u00a0 \u00a0 \u00a0 \u00a0 \u00a0 \u00a0 200 \u20ac<\/p>\n<p>60\u00a0 \u00a0 \u00a0 \u00a0 \u00a0 \u00a0 \u00a0 \u00a0 \u00a0 218 \u20ac<\/p>\n<p>70\u00a0 \u00a0 \u00a0 \u00a0 \u00a0 \u00a0 \u00a0 \u00a0 \u00a0 236 \u20ac<\/p>\n<p>90\u00a0 \u00a0 \u00a0 \u00a0 \u00a0 \u00a0 \u00a0 \u00a0 \u00a0 272 \u20ac<\/p>\n<p>100\u00a0 \u00a0 \u00a0 \u00a0 \u00a0 \u00a0 \u00a0 \u00a0297 \u20ac<\/p>\n<p>110\u00a0 \u00a0 \u00a0 \u00a0 \u00a0 \u00a0 \u00a0 \u00a0322 \u20ac<\/p>\n<p>120\u00a0 \u00a0 \u00a0 \u00a0 \u00a0 \u00a0 \u00a0 \u00a0347 \u20ac<\/p>\n<p>130\u00a0 \u00a0 \u00a0 \u00a0 \u00a0 \u00a0 \u00a0 \u00a0372 \u20ac<\/p>\n<p>140\u00a0 \u00a0 \u00a0 \u00a0 \u00a0 \u00a0 \u00a0 \u00a0382 \u20ac<\/p>\n<p>150\u00a0 \u00a0 \u00a0 \u00a0 \u00a0 \u00a0 \u00a0 \u00a0402 \u20ac<\/p>\n<p>160\u00a0 \u00a0 \u00a0 \u00a0 \u00a0 \u00a0 \u00a0 \u00a0422 \u20ac<\/p>\n<p>170\u00a0 \u00a0 \u00a0 \u00a0 \u00a0 \u00a0 \u00a0 \u00a0442 \u20ac<\/p>\n<p>180\u00a0 \u00a0 \u00a0 \u00a0 \u00a0 \u00a0 \u00a0 \u00a0462 \u20ac<\/p>\n<p>190\u00a0 \u00a0 \u00a0 \u00a0 \u00a0 \u00a0 \u00a0 482 \u20ac<\/p>\n<p>200\u00a0 \u00a0 \u00a0 \u00a0 \u00a0 \u00a0 \u00a0 497 \u20ac<\/p>\n<p>210\u00a0 \u00a0 \u00a0 \u00a0 \u00a0 \u00a0 \u00a0512 \u20ac<\/p>\n<p>220\u00a0 \u00a0 \u00a0 \u00a0 \u00a0 \u00a0 \u00a0527 \u20ac<\/p>\n<p>230\u00a0 \u00a0 \u00a0 \u00a0 \u00a0 \u00a0 \u00a0537 \u20ac<\/p>\n<p>240 tai enemm\u00e4n\u00a0 \u00a0 \u00a0547 \u20ac<\/p>\n<p><strong>Kev\u00e4t 2026 lukukausimaksu<\/strong><\/p>\n<p>40min\/vko\u00a0 \u00a0 \u20ac<\/p>\n<p>50\u00a0 \u00a0 \u00a0 \u00a0 \u00a0 \u00a0 \u00a0 \u00a0 \u00a0 \u00a0\u20ac<\/p>\n<p>60\u00a0 \u00a0 \u00a0 \u00a0 \u00a0 \u00a0 \u00a0 \u00a0 \u00a0 \u20ac<\/p>\n<p>70\u00a0 \u00a0 \u00a0 \u00a0 \u00a0 \u00a0 \u00a0 \u00a0 \u00a0 \u00a0\u20ac<\/p>\n<p>\u20ac<\/p>\n<p>\u20ac<\/p>\n<p>\u20ac<\/p>\n<p>\u20ac<\/p>\n<p>\u20ac<\/p>\n<p>\u20ac<\/p>\n<p>\u20ac<\/p>\n<p>\u20ac<\/p>\n<p>\u20ac<\/p>\n<p>\u20ac<\/p>\n<p>\u20ac<\/p>\n<p>\u20ac<\/p>\n<p>\u20ac<\/p>\n<p>\u20ac<\/p>\n<p>\u20ac<\/p>\n<p>\u20ac<\/p>\n<h4><strong>Yksitt\u00e4istunnit:<\/strong> 40min 13\u20ac,\u00a0 50min 15\u20ac, 60min 17\u20ac, 70min 19\u20ac\u00a0 \u00a0 (sis. alv 14%)<\/h4>\n<p>5 x 40min-kortti 59\u20ac\u00a0 \u00a0 \u00a0 \u00a0 \u00a0 5 x 60min-kortti 79\u20ac\u00a0 \u00a0 \u00a0 \u00a0 5 x70min-kortti 89\u20ac<\/p>\n<h3><strong>Yksityistunnit &#8211; yhdelle, kahdelle tai ryhm\u00e4lle<\/strong><\/h3>\n<p>sis alv 14%<\/p>\n<ul>\n<li>1 osallistuja:\u00a0 30min &#8211; 34\u20ac, 40min &#8211; 44\u20ac, 50min &#8211; 49\u20ac, 60min &#8211; 54\u20ac\u00a0 lis\u00e4oppilaasta (max 1) 30min +17\u20ac, 40min +19\u20ac, 50min +21\u20ac, 60min 23\u20ac\u00a0 (tanssistudion omille oppilaille 10% alennus)<\/li>\n<li>ryhm\u00e4tunnit 3-5 osallistujaa: 30min &#8211; 54\u20ac, 40min &#8211; 64\u20ac, 50min &#8211; 74\u20ac, 60min &#8211; 84\u20ac<\/li>\n<li>ryhm\u00e4tunnit 6-8 osallistujaa: 30min &#8211; 74\u20ac, 40min &#8211; 84\u20ac, 50min &#8211; 94\u20ac, 60min &#8211; 104\u20ac<\/li>\n<li>ryhm\u00e4tunnit 9-11 osallistujaa: 30min &#8211; 89\u20ac, 40min &#8211; 99\u20ac, 50min &#8211; 109\u20ac, 60min &#8211; 119\u20ac<\/li>\n<li>ryhm\u00e4tunnit 11-14 osallistujaa: 30min &#8211; 104\u20ac, 40min &#8211; 114\u20ac, 50min &#8211; 124\u20ac, 60min &#8211; 134\u20ac<\/li>\n<\/ul>\n<p>Jos tilattuja ryhm\u00e4tunteja on useamman kerran, niin voit pyyt\u00e4\u00e4 tarjousta. Muualla kuin studiolla pidettyihin tunteihin lis\u00e4t\u00e4\u00e4n matkakulut (0,59\u20ac\/km 2025).<\/p>\n<p>Jos yksityistunnille halutaan esim. oma koreografia tms., siit\u00e4 laskutetaan viel\u00e4 erikseen! (hinta riippuu koreografian pituudesta ja musiikista ym.)<\/p>\n","protected":false},"excerpt":{"rendered":"<p>2025 syyslukukausimaksut + yksitt\u00e4is-, yksityis- &amp; ryhm\u00e4tuntien maksut Perhealennus lukukausimaksusta toisesta (jne) perheenj\u00e4senest\u00e4 -15% (halvimmasta hinnasta) Jos haluat maksaa lukukausimaksun useammassa er\u00e4ss\u00e4, ota yhteytt\u00e4 tanssistudioon viimeist\u00e4\u00e4n heti maksulapun saatuasi. jokaiseen maksuun lis\u00e4t\u00e4\u00e4n silloin 5\u20ac (esim. lukukausimaksu on 200\u20ac &#8211; kahdessa er\u00e4ss\u00e4 se on 105\u20ac + 105\u20ac) Meill\u00e4 voit maksaa tanssitunnit (ei koske n\u00e4yt\u00f6slippuja) my\u00f6s smartumilla &hellip; <a href=\"http:\/\/studiominnakoski.com\/?page_id=6\" class=\"more-link\">Jatka artikkeliin <span class=\"screen-reader-text\">Hinnasto<\/span><\/a><\/p>\n","protected":false},"author":1,"featured_media":0,"parent":0,"menu_order":0,"comment_status":"closed","ping_status":"closed","template":"","meta":{"footnotes":""},"_links":{"self":[{"href":"http:\/\/studiominnakoski.com\/index.php?rest_route=\/wp\/v2\/pages\/6"}],"collection":[{"href":"http:\/\/studiominnakoski.com\/index.php?rest_route=\/wp\/v2\/pages"}],"about":[{"href":"http:\/\/studiominnakoski.com\/index.php?rest_route=\/wp\/v2\/types\/page"}],"author":[{"embeddable":true,"href":"http:\/\/studiominnakoski.com\/index.php?rest_route=\/wp\/v2\/users\/1"}],"replies":[{"embeddable":true,"href":"http:\/\/studiominnakoski.com\/index.php?rest_route=%2Fwp%2Fv2%2Fcomments&post=6"}],"version-history":[{"count":20,"href":"http:\/\/studiominnakoski.com\/index.php?rest_route=\/wp\/v2\/pages\/6\/revisions"}],"predecessor-version":[{"id":445,"href":"http:\/\/studiominnakoski.com\/index.php?rest_route=\/wp\/v2\/pages\/6\/revisions\/445"}],"wp:attachment":[{"href":"http:\/\/studiominnakoski.com\/index.php?rest_route=%2Fwp%2Fv2%2Fmedia&parent=6"}],"curies":[{"name":"wp","href":"https:\/\/api.w.org\/{rel}","templated":true}]}}