{"id":377,"date":"2023-06-25T23:08:09","date_gmt":"2023-06-25T21:08:09","guid":{"rendered":"http:\/\/studiominnakoski.com\/?page_id=377"},"modified":"2023-06-26T09:46:30","modified_gmt":"2023-06-26T07:46:30","slug":"pirkanmaan-ilmastoverkosto-ja-kierrattaminen-tanssistudiolla","status":"publish","type":"page","link":"http:\/\/studiominnakoski.com\/?page_id=377","title":{"rendered":"Pirkanmaan ilmastoverkosto &#8211; ilmastokumppani &#8211; kierr\u00e4tt\u00e4minen tanssistudiolla"},"content":{"rendered":"\n<p>Tanssitudio on liittynyt Pirkanmaan ilmastoverkostoon kev\u00e4\u00e4ll\u00e4 2023.<\/p>\n\n\n\n<p>Hankkeen tavoitteena on tukea alueen yritysten ja yhteis\u00f6jen ilmastoty\u00f6t\u00e4 ja innostaa yrityksi\u00e4 ja kuntaorganisaatiota viestim\u00e4\u00e4n ilmastoyst\u00e4v\u00e4llisist\u00e4 tavoitteesta, toimenpiteist\u00e4 ja saavutetuista tuloksista.<\/p>\n\n\n\n<p>Tanssistudion tavoitteena on hoitaa studiolla syntyvien j\u00e4tteiden lajittelu ja kierr\u00e4tys ja siten pienent\u00e4\u00e4 hiilijalanj\u00e4lke\u00e4 sek\u00e4 opettaa lapsia, nuoria ja aikuisia kierr\u00e4tt\u00e4m\u00e4\u00e4n my\u00f6s kodin ulkopuolella. Tavoitteiden saavuttaminen vaati j\u00e4tteiden lajitteluastioiden hankinnan studion odotustilaan. Toukokuun lopussa 2023 astiat saatiin sijoitettua odotustilan hyllykk\u00f6\u00f6n. Astiat l\u00f6ytyv\u00e4t pulloille ja t\u00f6lkeille, paperille, pahville, muoveille, bioj\u00e4tteille ja lasille. Samasta paikasta l\u00f6ytyy my\u00f6s ohjeet oikeanlaiseen lajitteluun.<\/p>\n\n\n\n<p>Kierr\u00e4tyksen lis\u00e4ksi tanssistudiolla kiinnitet\u00e4\u00e4n huomiota my\u00f6s energiatehokkuuteen. Kaikki valot ovat ledej\u00e4 ja odotus- ja pukutiloissa sek\u00e4 vessassa valot toimivat liiketunnistimilla eli valot eiv\u00e4t pala turhaan, kun tiloissa ei tanssituntien aikana olla. <\/p>\n\n\n\n<figure class=\"wp-block-image\"><img loading=\"lazy\" decoding=\"async\" width=\"1024\" height=\"1024\" src=\"http:\/\/studiominnakoski.com\/wp-content\/uploads\/2023\/06\/ilmastokumppani-2023-pirkanmaa-1024x1024.png\" alt=\"\" class=\"wp-image-378\" srcset=\"http:\/\/studiominnakoski.com\/wp-content\/uploads\/2023\/06\/ilmastokumppani-2023-pirkanmaa-1024x1024.png 1024w, http:\/\/studiominnakoski.com\/wp-content\/uploads\/2023\/06\/ilmastokumppani-2023-pirkanmaa-150x150.png 150w, http:\/\/studiominnakoski.com\/wp-content\/uploads\/2023\/06\/ilmastokumppani-2023-pirkanmaa-300x300.png 300w, http:\/\/studiominnakoski.com\/wp-content\/uploads\/2023\/06\/ilmastokumppani-2023-pirkanmaa-768x768.png 768w, http:\/\/studiominnakoski.com\/wp-content\/uploads\/2023\/06\/ilmastokumppani-2023-pirkanmaa.png 1080w\" sizes=\"(max-width: 1024px) 100vw, 1024px\" \/><\/figure>\n\n\n\n<figure class=\"wp-block-image\"><img loading=\"lazy\" decoding=\"async\" width=\"1024\" height=\"1024\" src=\"http:\/\/studiominnakoski.com\/wp-content\/uploads\/2023\/06\/climate-partner-2024-pirkanmaa-1024x1024.jpg\" alt=\"\" class=\"wp-image-379\" srcset=\"http:\/\/studiominnakoski.com\/wp-content\/uploads\/2023\/06\/climate-partner-2024-pirkanmaa-1024x1024.jpg 1024w, http:\/\/studiominnakoski.com\/wp-content\/uploads\/2023\/06\/climate-partner-2024-pirkanmaa-150x150.jpg 150w, http:\/\/studiominnakoski.com\/wp-content\/uploads\/2023\/06\/climate-partner-2024-pirkanmaa-300x300.jpg 300w, http:\/\/studiominnakoski.com\/wp-content\/uploads\/2023\/06\/climate-partner-2024-pirkanmaa-768x768.jpg 768w, http:\/\/studiominnakoski.com\/wp-content\/uploads\/2023\/06\/climate-partner-2024-pirkanmaa.jpg 1080w\" sizes=\"(max-width: 1024px) 100vw, 1024px\" \/><\/figure>\n","protected":false},"excerpt":{"rendered":"<p>Tanssitudio on liittynyt Pirkanmaan ilmastoverkostoon kev\u00e4\u00e4ll\u00e4 2023. Hankkeen tavoitteena on tukea alueen yritysten ja yhteis\u00f6jen ilmastoty\u00f6t\u00e4 ja innostaa yrityksi\u00e4 ja kuntaorganisaatiota viestim\u00e4\u00e4n ilmastoyst\u00e4v\u00e4llisist\u00e4 tavoitteesta, toimenpiteist\u00e4 ja saavutetuista tuloksista. Tanssistudion tavoitteena on hoitaa studiolla syntyvien j\u00e4tteiden lajittelu ja kierr\u00e4tys ja siten pienent\u00e4\u00e4 hiilijalanj\u00e4lke\u00e4 sek\u00e4 opettaa lapsia, nuoria ja aikuisia kierr\u00e4tt\u00e4m\u00e4\u00e4n my\u00f6s kodin ulkopuolella. Tavoitteiden saavuttaminen vaati &hellip; <a href=\"http:\/\/studiominnakoski.com\/?page_id=377\" class=\"more-link\">Jatka artikkeliin <span class=\"screen-reader-text\">Pirkanmaan ilmastoverkosto &#8211; ilmastokumppani &#8211; kierr\u00e4tt\u00e4minen tanssistudiolla<\/span><\/a><\/p>\n","protected":false},"author":2,"featured_media":0,"parent":0,"menu_order":0,"comment_status":"closed","ping_status":"closed","template":"","meta":{"footnotes":""},"_links":{"self":[{"href":"http:\/\/studiominnakoski.com\/index.php?rest_route=\/wp\/v2\/pages\/377"}],"collection":[{"href":"http:\/\/studiominnakoski.com\/index.php?rest_route=\/wp\/v2\/pages"}],"about":[{"href":"http:\/\/studiominnakoski.com\/index.php?rest_route=\/wp\/v2\/types\/page"}],"author":[{"embeddable":true,"href":"http:\/\/studiominnakoski.com\/index.php?rest_route=\/wp\/v2\/users\/2"}],"replies":[{"embeddable":true,"href":"http:\/\/studiominnakoski.com\/index.php?rest_route=%2Fwp%2Fv2%2Fcomments&post=377"}],"version-history":[{"count":2,"href":"http:\/\/studiominnakoski.com\/index.php?rest_route=\/wp\/v2\/pages\/377\/revisions"}],"predecessor-version":[{"id":387,"href":"http:\/\/studiominnakoski.com\/index.php?rest_route=\/wp\/v2\/pages\/377\/revisions\/387"}],"wp:attachment":[{"href":"http:\/\/studiominnakoski.com\/index.php?rest_route=%2Fwp%2Fv2%2Fmedia&parent=377"}],"curies":[{"name":"wp","href":"https:\/\/api.w.org\/{rel}","templated":true}]}}