{"id":295,"date":"2022-03-12T02:54:40","date_gmt":"2022-03-12T00:54:40","guid":{"rendered":"http:\/\/studiominnakoski.com\/?page_id=295"},"modified":"2022-03-21T11:06:39","modified_gmt":"2022-03-21T09:06:39","slug":"lahjakortti","status":"publish","type":"page","link":"http:\/\/studiominnakoski.com\/?page_id=295","title":{"rendered":"Lahjakortti"},"content":{"rendered":"\n<p><strong>Loistava aineeton lahja on lahjakortti tanssitunnille!<\/strong><\/p>\n\n\n\n<p>Lahjakortti voi olla yksityistunnille tai tanssistudion viikkotunneille. Hinnat l\u00f6yd\u00e4t hinnasto-sivulta.<\/p>\n\n\n\n<p>Lahjakortti voi olla my\u00f6s merkitty tietylle summalle, jolloin saaja voi k\u00e4ytt\u00e4\u00e4 sen esim. yksityistuntiin, lukukausimaksuun, n\u00e4yt\u00f6slippuihin tai tanssistudiolla myyt\u00e4v\u00e4n\u00e4 oleviin tuotteisiin.<\/p>\n\n\n\n<p>Lahjakorttimme ovat voimassa 1 vuoden ostop\u00e4iv\u00e4st\u00e4.<\/p>\n\n\n\n<figure class=\"wp-block-image\"><img loading=\"lazy\" decoding=\"async\" width=\"819\" height=\"1024\" src=\"http:\/\/studiominnakoski.com\/wp-content\/uploads\/2022\/03\/F7F2AE14-9062-4D09-8337-CE9448485700-819x1024.jpg\" alt=\"\" class=\"wp-image-299\" srcset=\"http:\/\/studiominnakoski.com\/wp-content\/uploads\/2022\/03\/F7F2AE14-9062-4D09-8337-CE9448485700-819x1024.jpg 819w, http:\/\/studiominnakoski.com\/wp-content\/uploads\/2022\/03\/F7F2AE14-9062-4D09-8337-CE9448485700-240x300.jpg 240w, http:\/\/studiominnakoski.com\/wp-content\/uploads\/2022\/03\/F7F2AE14-9062-4D09-8337-CE9448485700-768x960.jpg 768w\" sizes=\"(max-width: 819px) 100vw, 819px\" \/><\/figure>\n","protected":false},"excerpt":{"rendered":"<p>Loistava aineeton lahja on lahjakortti tanssitunnille! Lahjakortti voi olla yksityistunnille tai tanssistudion viikkotunneille. Hinnat l\u00f6yd\u00e4t hinnasto-sivulta. Lahjakortti voi olla my\u00f6s merkitty tietylle summalle, jolloin saaja voi k\u00e4ytt\u00e4\u00e4 sen esim. yksityistuntiin, lukukausimaksuun, n\u00e4yt\u00f6slippuihin tai tanssistudiolla myyt\u00e4v\u00e4n\u00e4 oleviin tuotteisiin. Lahjakorttimme ovat voimassa 1 vuoden ostop\u00e4iv\u00e4st\u00e4.<\/p>\n","protected":false},"author":2,"featured_media":0,"parent":0,"menu_order":0,"comment_status":"closed","ping_status":"closed","template":"","meta":{"footnotes":""},"_links":{"self":[{"href":"http:\/\/studiominnakoski.com\/index.php?rest_route=\/wp\/v2\/pages\/295"}],"collection":[{"href":"http:\/\/studiominnakoski.com\/index.php?rest_route=\/wp\/v2\/pages"}],"about":[{"href":"http:\/\/studiominnakoski.com\/index.php?rest_route=\/wp\/v2\/types\/page"}],"author":[{"embeddable":true,"href":"http:\/\/studiominnakoski.com\/index.php?rest_route=\/wp\/v2\/users\/2"}],"replies":[{"embeddable":true,"href":"http:\/\/studiominnakoski.com\/index.php?rest_route=%2Fwp%2Fv2%2Fcomments&post=295"}],"version-history":[{"count":3,"href":"http:\/\/studiominnakoski.com\/index.php?rest_route=\/wp\/v2\/pages\/295\/revisions"}],"predecessor-version":[{"id":322,"href":"http:\/\/studiominnakoski.com\/index.php?rest_route=\/wp\/v2\/pages\/295\/revisions\/322"}],"wp:attachment":[{"href":"http:\/\/studiominnakoski.com\/index.php?rest_route=%2Fwp%2Fv2%2Fmedia&parent=295"}],"curies":[{"name":"wp","href":"https:\/\/api.w.org\/{rel}","templated":true}]}}