{"id":292,"date":"2022-03-12T02:48:39","date_gmt":"2022-03-12T00:48:39","guid":{"rendered":"http:\/\/studiominnakoski.com\/?page_id=292"},"modified":"2025-08-03T23:27:41","modified_gmt":"2025-08-03T21:27:41","slug":"esiintymiset-tilaustunnit","status":"publish","type":"page","link":"http:\/\/studiominnakoski.com\/?page_id=292","title":{"rendered":"Esiintymiset &#038; tilaustunnit"},"content":{"rendered":"\n<p><strong>Tanssistudiolta voi tilata ryhmi\u00e4 esiintym\u00e4\u00e4n erilaisiin juhliin ja tilaisuuksiin.<\/strong> Oma kilpa- ja esiintymisryhm\u00e4mme Danzare sek\u00e4 Danzare junior ovat aina valmiina esiintym\u00e4\u00e4n.<\/p>\n\n\n\n<p>Pyyd\u00e4 tarjous! Esityksen hintaan vaikuttavat tanssijoiden lukum\u00e4\u00e4r\u00e4, esityksen kesto, matka esiintymispaikalle ym. Hintaan lis\u00e4t\u00e4\u00e4n matkakorvaus  (0,59\u20ac\/km\/auto).<\/p>\n\n\n\n<p>Hintaesimerkki esiintymisest\u00e4: 3 tanssijan ryhm\u00e4 esitt\u00e4\u00e4 jo olemassa olevia koreografioitaan &#8211; 1 tanssi 190\u20ac, 2 tanssia 230\u20ac, 3 tanssia 260\u20ac, 4 tanssia 290\u20ac, 5 tanssia 320\u20ac    (hinnat sis\u00e4lt\u00e4v\u00e4t alv 14%)<\/p>\n\n\n\n<p><\/p>\n\n\n\n<figure class=\"wp-block-image\"><img loading=\"lazy\" decoding=\"async\" width=\"1024\" height=\"732\" src=\"http:\/\/studiominnakoski.com\/wp-content\/uploads\/2019\/07\/IMG-6353-1024x732.jpg\" alt=\"\" class=\"wp-image-134\" srcset=\"http:\/\/studiominnakoski.com\/wp-content\/uploads\/2019\/07\/IMG-6353-1024x732.jpg 1024w, http:\/\/studiominnakoski.com\/wp-content\/uploads\/2019\/07\/IMG-6353-300x214.jpg 300w, http:\/\/studiominnakoski.com\/wp-content\/uploads\/2019\/07\/IMG-6353-768x549.jpg 768w, http:\/\/studiominnakoski.com\/wp-content\/uploads\/2019\/07\/IMG-6353.jpg 2048w\" sizes=\"(max-width: 1024px) 100vw, 1024px\" \/><figcaption class=\"wp-element-caption\">Kuva: Mikko Karsisto<\/figcaption><\/figure>\n\n\n\n<p><\/p>\n\n\n\n<p><\/p>\n\n\n\n<p><strong>Tanssistudiolta voi tilata yksityistunteja<\/strong> esim. baletista tai jazztanssista tai jos haluaa treenata esim. hyppyj\u00e4, piruetteja tms.  Yksityistunnilla voidaan harjoitella esim. oma syntt\u00e4rikoreografia, joka kuvataan muistoksi, persoonallinen oma h\u00e4\u00e4tanssi tai jotain muuta. Tunti voidaan pit\u00e4\u00e4 tanssistudion salissa tai opettaja voi tulla pit\u00e4m\u00e4n tuntia muualle. Yksityistunti voi olla yhdelle, kahdelle tai ryhm\u00e4lle. Hinnat l\u00f6ytyv\u00e4t hinnasto-sivulta. Muualla pidett\u00e4viin tunteihin lis\u00e4t\u00e4\u00e4n matkakorvaus 0,59\u20ac\/km.<\/p>\n\n\n\n<p><\/p>\n\n\n\n<p><strong>Tanssistudiolla voi j\u00e4rjest\u00e4\u00e4 my\u00f6s polttarit tai ty\u00f6paikan virkistys- eli tykyp\u00e4iv\u00e4n.  <\/strong>R\u00e4\u00e4t\u00e4l\u00f6imme juuri teid\u00e4n ryhm\u00e4ll\u00e4nne sopivan ohjelman. Hinnat l\u00f6ytyv\u00e4t hinnasto-sivulta yksityistuntien kohdalta. Voit my\u00f6s pyyt\u00e4\u00e4 tarjouksen.<\/p>\n","protected":false},"excerpt":{"rendered":"<p>Tanssistudiolta voi tilata ryhmi\u00e4 esiintym\u00e4\u00e4n erilaisiin juhliin ja tilaisuuksiin. Oma kilpa- ja esiintymisryhm\u00e4mme Danzare sek\u00e4 Danzare junior ovat aina valmiina esiintym\u00e4\u00e4n. Pyyd\u00e4 tarjous! Esityksen hintaan vaikuttavat tanssijoiden lukum\u00e4\u00e4r\u00e4, esityksen kesto, matka esiintymispaikalle ym. Hintaan lis\u00e4t\u00e4\u00e4n matkakorvaus (0,59\u20ac\/km\/auto). Hintaesimerkki esiintymisest\u00e4: 3 tanssijan ryhm\u00e4 esitt\u00e4\u00e4 jo olemassa olevia koreografioitaan &#8211; 1 tanssi 190\u20ac, 2 tanssia 230\u20ac, 3 &hellip; <a href=\"http:\/\/studiominnakoski.com\/?page_id=292\" class=\"more-link\">Jatka artikkeliin <span class=\"screen-reader-text\">Esiintymiset &#038; tilaustunnit<\/span><\/a><\/p>\n","protected":false},"author":2,"featured_media":0,"parent":0,"menu_order":0,"comment_status":"closed","ping_status":"closed","template":"","meta":{"footnotes":""},"_links":{"self":[{"href":"http:\/\/studiominnakoski.com\/index.php?rest_route=\/wp\/v2\/pages\/292"}],"collection":[{"href":"http:\/\/studiominnakoski.com\/index.php?rest_route=\/wp\/v2\/pages"}],"about":[{"href":"http:\/\/studiominnakoski.com\/index.php?rest_route=\/wp\/v2\/types\/page"}],"author":[{"embeddable":true,"href":"http:\/\/studiominnakoski.com\/index.php?rest_route=\/wp\/v2\/users\/2"}],"replies":[{"embeddable":true,"href":"http:\/\/studiominnakoski.com\/index.php?rest_route=%2Fwp%2Fv2%2Fcomments&post=292"}],"version-history":[{"count":10,"href":"http:\/\/studiominnakoski.com\/index.php?rest_route=\/wp\/v2\/pages\/292\/revisions"}],"predecessor-version":[{"id":427,"href":"http:\/\/studiominnakoski.com\/index.php?rest_route=\/wp\/v2\/pages\/292\/revisions\/427"}],"wp:attachment":[{"href":"http:\/\/studiominnakoski.com\/index.php?rest_route=%2Fwp%2Fv2%2Fmedia&parent=292"}],"curies":[{"name":"wp","href":"https:\/\/api.w.org\/{rel}","templated":true}]}}