{"id":289,"date":"2022-03-12T02:21:46","date_gmt":"2022-03-12T00:21:46","guid":{"rendered":"http:\/\/studiominnakoski.com\/?page_id=289"},"modified":"2024-08-03T00:49:55","modified_gmt":"2024-08-02T22:49:55","slug":"pukuvuokraus","status":"publish","type":"page","link":"http:\/\/studiominnakoski.com\/?page_id=289","title":{"rendered":"Pukuvuokraus"},"content":{"rendered":"\n<p>Tanssistudion esiintymispukuvarastosta voi vuokrata osaa puvuista, asusteista ja rekvisiitasta naamiaisiin, teemasyntt\u00e4reille, tapahtumiin, penkkareihin tms.<\/p>\n\n\n\n<p><\/p>\n\n\n\n<p>Vuokrattavista tuotteista tulee jossain vaiheessa  kuvia ja hinnastoa t\u00e4lle sivulle &#8211; vuokrapukuja ja -asusteita voi kysell\u00e4 kuitenkin jo ennen sit\u00e4. Vuokrahinnat 15\u20ac yl\u00f6sp\u00e4in (asukokonaisuudet 30\u20ac yl\u00f6sp\u00e4in), hinnat sis\u00e4lt\u00e4v\u00e4t alv 25,5% 1.9.24 alkaen<\/p>\n\n\n\n<p>Tiedustelut: p. 050 3465190 tai tanssistudio.minnakoski@gmail.com<\/p>\n\n\n\n<p><\/p>\n\n\n\n<p><\/p>\n\n\n\n<p><\/p>\n\n\n\n<p>Vuokraaminen:<\/p>\n\n\n\n<ol>\n<li>Soita tai laita s\u00e4hk\u00f6postia mit\u00e4 haluaisit vuokrata tai millaista asukokonaisuutta haet, niin voimme suunnitella sit\u00e4 jo etuk\u00e4teen. <\/li>\n\n\n\n<li>Sovimme ajan, koska voit noutaa tuotteet tai tulla niit\u00e4 sovittamaan. <\/li>\n\n\n\n<li>Vuokra-aikamme on normaalisti 3 vuorokautta &#8211; vuokraaja allekirjoittaa vuokrasopimuksen hakiessaan.<\/li>\n\n\n\n<li>Maksu tapahtuu yleens\u00e4  noudon yhteydess\u00e4 k\u00e4teisell\u00e4 tai mobilepaylla<\/li>\n\n\n\n<li>Palauta tuotteet sovittuna ajankohtana. <\/li>\n\n\n\n<li>Normaali huolto kuuluu pukujen vuokraan (esim. pesu ja silitys). Palautuksen yhteydess\u00e4 vuokratut tuotteet tarkastetaan ja vioittuneet tai h\u00e4vinneet tuotteet laskutetaan vuokrausmaksun yhteydess\u00e4 vuokraajalta.<\/li>\n<\/ol>\n","protected":false},"excerpt":{"rendered":"<p>Tanssistudion esiintymispukuvarastosta voi vuokrata osaa puvuista, asusteista ja rekvisiitasta naamiaisiin, teemasyntt\u00e4reille, tapahtumiin, penkkareihin tms. Vuokrattavista tuotteista tulee jossain vaiheessa kuvia ja hinnastoa t\u00e4lle sivulle &#8211; vuokrapukuja ja -asusteita voi kysell\u00e4 kuitenkin jo ennen sit\u00e4. Vuokrahinnat 15\u20ac yl\u00f6sp\u00e4in (asukokonaisuudet 30\u20ac yl\u00f6sp\u00e4in), hinnat sis\u00e4lt\u00e4v\u00e4t alv 25,5% 1.9.24 alkaen Tiedustelut: p. 050 3465190 tai tanssistudio.minnakoski@gmail.com Vuokraaminen:<\/p>\n","protected":false},"author":2,"featured_media":0,"parent":0,"menu_order":0,"comment_status":"closed","ping_status":"closed","template":"","meta":{"footnotes":""},"_links":{"self":[{"href":"http:\/\/studiominnakoski.com\/index.php?rest_route=\/wp\/v2\/pages\/289"}],"collection":[{"href":"http:\/\/studiominnakoski.com\/index.php?rest_route=\/wp\/v2\/pages"}],"about":[{"href":"http:\/\/studiominnakoski.com\/index.php?rest_route=\/wp\/v2\/types\/page"}],"author":[{"embeddable":true,"href":"http:\/\/studiominnakoski.com\/index.php?rest_route=\/wp\/v2\/users\/2"}],"replies":[{"embeddable":true,"href":"http:\/\/studiominnakoski.com\/index.php?rest_route=%2Fwp%2Fv2%2Fcomments&post=289"}],"version-history":[{"count":10,"href":"http:\/\/studiominnakoski.com\/index.php?rest_route=\/wp\/v2\/pages\/289\/revisions"}],"predecessor-version":[{"id":412,"href":"http:\/\/studiominnakoski.com\/index.php?rest_route=\/wp\/v2\/pages\/289\/revisions\/412"}],"wp:attachment":[{"href":"http:\/\/studiominnakoski.com\/index.php?rest_route=%2Fwp%2Fv2%2Fmedia&parent=289"}],"curies":[{"name":"wp","href":"https:\/\/api.w.org\/{rel}","templated":true}]}}