{"id":283,"date":"2022-03-12T02:15:00","date_gmt":"2022-03-12T00:15:00","guid":{"rendered":"http:\/\/studiominnakoski.com\/?page_id=283"},"modified":"2022-07-19T02:14:06","modified_gmt":"2022-07-19T00:14:06","slug":"tanssisynttarit","status":"publish","type":"page","link":"http:\/\/studiominnakoski.com\/?page_id=283","title":{"rendered":"Tanssisyntt\u00e4rit"},"content":{"rendered":"\n<p>Haluatko vaihtelua kotisyntt\u00e4reihin tai tuntuuko, ett\u00e4 tila ei riit\u00e4?Tanssistudiolla voi nyt j\u00e4rjest\u00e4\u00e4 my\u00f6s syntt\u00e4rit lapsille tai miksei my\u00f6s v\u00e4h\u00e4n vanhemmillekin. Viett\u00e4k\u00e4\u00e4 erilaiset ja ikimuistoiset syntt\u00e4rit tanssien!<\/p>\n\n\n\n<figure class=\"wp-block-image\"><img decoding=\"async\" src=\"https:\/\/static.xx.fbcdn.net\/images\/emoji.php\/v9\/t5\/1\/16\/1f382.png\" alt=\"&#x1f382;\"\/><\/figure>\n\n\n\n<p>Syntt\u00e4reiden kesto ja hinta: 90min\/130\u20ac, 120min\/160\u20ac   (hinnat sis\u00e4lt\u00e4v\u00e4t alv 10%)<\/p>\n\n\n\n<figure class=\"wp-block-image\"><img decoding=\"async\" src=\"https:\/\/static.xx.fbcdn.net\/images\/emoji.php\/v9\/t84\/1\/16\/1f381.png\" alt=\"&#x1f381;\"\/><\/figure>\n\n\n\n<p> Vieraita max 12 + syntt\u00e4risankari (lis\u00e4vieraista pieni lis\u00e4maksu)<\/p>\n\n\n\n<figure class=\"wp-block-image\"><img decoding=\"async\" src=\"https:\/\/static.xx.fbcdn.net\/images\/emoji.php\/v9\/t84\/1\/16\/1f381.png\" alt=\"&#x1f381;\"\/><\/figure>\n\n\n\n<p> Vaihtoehtoina:<\/p>\n\n\n\n<ol><li><strong>Oman tanssin syntt\u00e4rit,<\/strong> jossa harjoitellaan syntt\u00e4risankarin valitsemaan musiikkiin tehty pieni koreografia. Tanssi kuvataan muistoksi videolle, jonka sankari voi halutessaan jakaa my\u00f6s vieraille. Harjoittelu kuvauksineen kest\u00e4\u00e4 n. 30-45 min, muu aika j\u00e4\u00e4 lahjojen avaamiseen, herkutteluun ym.<\/li><li><strong>Discosyntt\u00e4rit<\/strong>, jossa tanssitaan discovalon loisteessa ja syntt\u00e4risankari voi halutessaan tehd\u00e4 soittomusiikkilistaa. Ennen discon alkua syntt\u00e4risankari voi avata lahjat. Syntt\u00e4ritarjoilu voi olla esill\u00e4 koko discon ajan tai sen j\u00e4lkeen. Tanssistudion ohjaaja j\u00e4rjest\u00e4\u00e4 discon aikana pari ohjattua kilpailua pienine palkintoineen, jos syntt\u00e4risankari n\u00e4in haluaa.<\/li><\/ol>\n\n\n\n<figure class=\"wp-block-image\"><img decoding=\"async\" src=\"https:\/\/static.xx.fbcdn.net\/images\/emoji.php\/v9\/t84\/1\/16\/1f381.png\" alt=\"&#x1f381;\"\/><\/figure>\n\n\n\n<p> Molempiin syntt\u00e4rivaihtoehtoihin kuuluu ohjaus, tila ja siivous.<\/p>\n\n\n\n<figure class=\"wp-block-image\"><img decoding=\"async\" src=\"https:\/\/static.xx.fbcdn.net\/images\/emoji.php\/v9\/t84\/1\/16\/1f381.png\" alt=\"&#x1f381;\"\/><\/figure>\n\n\n\n<p> Juhlijat tuovat oman syntt\u00e4ritarjoilunsa astioineen, mahdollisen koristelun sek\u00e4 aikuisen valvomaan ja hoitamaan tarjoilun.<\/p>\n\n\n\n<figure class=\"wp-block-image\"><img decoding=\"async\" src=\"https:\/\/static.xx.fbcdn.net\/images\/emoji.php\/v9\/t84\/1\/16\/1f381.png\" alt=\"&#x1f381;\"\/><\/figure>\n\n\n\n<p> Studiolla on yleens\u00e4 vapaita aikoja pe-su sek\u00e4 loma-aikoina. <\/p>\n\n\n\n<p>Tiedustelut ja varaukset p. 050 3465190 tai tanssistudio.minnakoski@gmail.com <\/p>\n\n\n\n<p><\/p>\n\n\n\n<p><\/p>\n\n\n\n<p><\/p>\n\n\n\n<p><em>Varausehdot<\/em><\/p>\n\n\n\n<p>Varaus perutaan tilaajan osalta viimeist\u00e4\u00e4n viikkoa ennen syntt\u00e4rien sovittua ajankohtaa. Sairastapauksessa voi tilanteesta riippuen peruuttaa my\u00f6s my\u00f6hemmin.<\/p>\n\n\n\n<p> Syntt\u00e4rit maksetaan juhlien yhteydess\u00e4 k\u00e4teisell\u00e4 tai mobilepaylla. <\/p>\n\n\n\n<p>Syntt\u00e4rijuhlissa aina saattaa sattua ja tapahtua. T\u00e4t\u00e4 emme tietenk\u00e4\u00e4n toivo. Siksi juhlien tilaajan on hyv\u00e4 muistaa, ett\u00e4 tanssistudio ei ole vastuussa juhlijoiden mahdollisista tapaturmista eik\u00e4 ole vakuuttanut juhlijoita.  <\/p>\n\n\n\n<p> Syntt\u00e4rien vet\u00e4j\u00e4n sairastuessa tai muussa \u00e4killisess\u00e4 muutostilanteessa yrit\u00e4mme kaikesta huolimatta j\u00e4rjest\u00e4\u00e4 syntt\u00e4rit. Jos kuitenkaan t\u00e4m\u00e4 ei onnistu joudumme siirt\u00e4m\u00e4\u00e4n juhlat eri ajankohtaan tai tilaaja voi perua tilauksensa ilman lis\u00e4kuluja.<\/p>\n","protected":false},"excerpt":{"rendered":"<p>Haluatko vaihtelua kotisyntt\u00e4reihin tai tuntuuko, ett\u00e4 tila ei riit\u00e4?Tanssistudiolla voi nyt j\u00e4rjest\u00e4\u00e4 my\u00f6s syntt\u00e4rit lapsille tai miksei my\u00f6s v\u00e4h\u00e4n vanhemmillekin. Viett\u00e4k\u00e4\u00e4 erilaiset ja ikimuistoiset syntt\u00e4rit tanssien! Syntt\u00e4reiden kesto ja hinta: 90min\/130\u20ac, 120min\/160\u20ac (hinnat sis\u00e4lt\u00e4v\u00e4t alv 10%) Vieraita max 12 + syntt\u00e4risankari (lis\u00e4vieraista pieni lis\u00e4maksu) Vaihtoehtoina: Oman tanssin syntt\u00e4rit, jossa harjoitellaan syntt\u00e4risankarin valitsemaan musiikkiin tehty pieni &hellip; <a href=\"http:\/\/studiominnakoski.com\/?page_id=283\" class=\"more-link\">Jatka artikkeliin <span class=\"screen-reader-text\">Tanssisyntt\u00e4rit<\/span><\/a><\/p>\n","protected":false},"author":2,"featured_media":0,"parent":0,"menu_order":0,"comment_status":"closed","ping_status":"closed","template":"","meta":{"footnotes":""},"_links":{"self":[{"href":"http:\/\/studiominnakoski.com\/index.php?rest_route=\/wp\/v2\/pages\/283"}],"collection":[{"href":"http:\/\/studiominnakoski.com\/index.php?rest_route=\/wp\/v2\/pages"}],"about":[{"href":"http:\/\/studiominnakoski.com\/index.php?rest_route=\/wp\/v2\/types\/page"}],"author":[{"embeddable":true,"href":"http:\/\/studiominnakoski.com\/index.php?rest_route=\/wp\/v2\/users\/2"}],"replies":[{"embeddable":true,"href":"http:\/\/studiominnakoski.com\/index.php?rest_route=%2Fwp%2Fv2%2Fcomments&post=283"}],"version-history":[{"count":5,"href":"http:\/\/studiominnakoski.com\/index.php?rest_route=\/wp\/v2\/pages\/283\/revisions"}],"predecessor-version":[{"id":348,"href":"http:\/\/studiominnakoski.com\/index.php?rest_route=\/wp\/v2\/pages\/283\/revisions\/348"}],"wp:attachment":[{"href":"http:\/\/studiominnakoski.com\/index.php?rest_route=%2Fwp%2Fv2%2Fmedia&parent=283"}],"curies":[{"name":"wp","href":"https:\/\/api.w.org\/{rel}","templated":true}]}}