{"id":208,"date":"2019-12-16T18:16:44","date_gmt":"2019-12-16T16:16:44","guid":{"rendered":"http:\/\/studiominnakoski.com\/?page_id=208"},"modified":"2022-07-19T02:11:30","modified_gmt":"2022-07-19T00:11:30","slug":"tanssistudion-tilat","status":"publish","type":"page","link":"http:\/\/studiominnakoski.com\/?page_id=208","title":{"rendered":"Tanssistudion tilat"},"content":{"rendered":"<p>Tanssistudio muutti uusiin tiloihin R\u00e4im\u00e4entielle tammikuussa 2022.<\/p>\n<p>Tiloista l\u00f6ytyy valoisa tanssisali peileineen ja tankoineen, odotus- ja pukutila sek\u00e4 vessa ja suihku. Tiloihin on esteet\u00f6n p\u00e4\u00e4sy.<\/p>\n<p>Studiolla voivat pienten tanssijoiden saattajat\u00a0 odotella oppilaan tunnin ajan ja tanssioppilaat voivat odotella rauhassa esim. kyyti\u00e4 kotiin.<\/p>\n<p>Koska tilat ovat vain Tanssistudio Minna Kosken k\u00e4yt\u00f6ss\u00e4, ei tule yll\u00e4tt\u00e4vi\u00e4 salivuoroperuutuksia.<\/p>\n<p>Tiloissa siivotaan p\u00e4ivitt\u00e4in.<\/p>\n<p><img loading=\"lazy\" decoding=\"async\" class=\"alignnone size-medium wp-image-266\" src=\"http:\/\/studiominnakoski.com\/wp-content\/uploads\/2022\/03\/IMG-7767-300x225.jpg\" alt=\"\" width=\"300\" height=\"225\" srcset=\"http:\/\/studiominnakoski.com\/wp-content\/uploads\/2022\/03\/IMG-7767-300x225.jpg 300w, http:\/\/studiominnakoski.com\/wp-content\/uploads\/2022\/03\/IMG-7767-768x576.jpg 768w, http:\/\/studiominnakoski.com\/wp-content\/uploads\/2022\/03\/IMG-7767-1024x768.jpg 1024w\" sizes=\"(max-width: 300px) 100vw, 300px\" \/><\/p>\n<p><img loading=\"lazy\" decoding=\"async\" class=\"alignnone size-medium wp-image-267\" src=\"http:\/\/studiominnakoski.com\/wp-content\/uploads\/2022\/03\/IMG-7763-300x225.jpg\" alt=\"\" width=\"300\" height=\"225\" srcset=\"http:\/\/studiominnakoski.com\/wp-content\/uploads\/2022\/03\/IMG-7763-300x225.jpg 300w, http:\/\/studiominnakoski.com\/wp-content\/uploads\/2022\/03\/IMG-7763-768x576.jpg 768w, http:\/\/studiominnakoski.com\/wp-content\/uploads\/2022\/03\/IMG-7763-1024x768.jpg 1024w\" sizes=\"(max-width: 300px) 100vw, 300px\" \/> <img loading=\"lazy\" decoding=\"async\" class=\"alignnone size-medium wp-image-268\" src=\"http:\/\/studiominnakoski.com\/wp-content\/uploads\/2022\/03\/IMG-7761-225x300.jpg\" alt=\"\" width=\"225\" height=\"300\" srcset=\"http:\/\/studiominnakoski.com\/wp-content\/uploads\/2022\/03\/IMG-7761-225x300.jpg 225w, http:\/\/studiominnakoski.com\/wp-content\/uploads\/2022\/03\/IMG-7761-768x1024.jpg 768w\" sizes=\"(max-width: 225px) 100vw, 225px\" \/><\/p>\n<p><img loading=\"lazy\" decoding=\"async\" class=\"alignnone size-medium wp-image-265\" src=\"http:\/\/studiominnakoski.com\/wp-content\/uploads\/2022\/03\/IMG-7771-300x225.jpg\" alt=\"\" width=\"300\" height=\"225\" srcset=\"http:\/\/studiominnakoski.com\/wp-content\/uploads\/2022\/03\/IMG-7771-300x225.jpg 300w, http:\/\/studiominnakoski.com\/wp-content\/uploads\/2022\/03\/IMG-7771-768x576.jpg 768w, http:\/\/studiominnakoski.com\/wp-content\/uploads\/2022\/03\/IMG-7771-1024x768.jpg 1024w\" sizes=\"(max-width: 300px) 100vw, 300px\" \/><\/p>\n<p><img loading=\"lazy\" decoding=\"async\" class=\"alignnone  wp-image-272\" src=\"http:\/\/studiominnakoski.com\/wp-content\/uploads\/2022\/03\/IMG-7735-300x225.jpg\" alt=\"\" width=\"295\" height=\"221\" srcset=\"http:\/\/studiominnakoski.com\/wp-content\/uploads\/2022\/03\/IMG-7735-300x225.jpg 300w, http:\/\/studiominnakoski.com\/wp-content\/uploads\/2022\/03\/IMG-7735-768x576.jpg 768w, http:\/\/studiominnakoski.com\/wp-content\/uploads\/2022\/03\/IMG-7735-1024x768.jpg 1024w\" sizes=\"(max-width: 295px) 100vw, 295px\" \/><\/p>\n<p><img loading=\"lazy\" decoding=\"async\" class=\"alignnone size-medium wp-image-273\" src=\"http:\/\/studiominnakoski.com\/wp-content\/uploads\/2022\/03\/IMG-7734-300x225.jpg\" alt=\"\" width=\"300\" height=\"225\" srcset=\"http:\/\/studiominnakoski.com\/wp-content\/uploads\/2022\/03\/IMG-7734-300x225.jpg 300w, http:\/\/studiominnakoski.com\/wp-content\/uploads\/2022\/03\/IMG-7734-768x576.jpg 768w, http:\/\/studiominnakoski.com\/wp-content\/uploads\/2022\/03\/IMG-7734-1024x768.jpg 1024w\" sizes=\"(max-width: 300px) 100vw, 300px\" \/><\/p>\n<p><img loading=\"lazy\" decoding=\"async\" class=\"alignnone size-medium wp-image-274\" src=\"http:\/\/studiominnakoski.com\/wp-content\/uploads\/2022\/03\/IMG-7730-300x225.jpg\" alt=\"\" width=\"300\" height=\"225\" srcset=\"http:\/\/studiominnakoski.com\/wp-content\/uploads\/2022\/03\/IMG-7730-300x225.jpg 300w, http:\/\/studiominnakoski.com\/wp-content\/uploads\/2022\/03\/IMG-7730-768x576.jpg 768w, http:\/\/studiominnakoski.com\/wp-content\/uploads\/2022\/03\/IMG-7730-1024x768.jpg 1024w\" sizes=\"(max-width: 300px) 100vw, 300px\" \/><\/p>\n<p><img loading=\"lazy\" decoding=\"async\" class=\"alignnone size-medium wp-image-269\" src=\"http:\/\/studiominnakoski.com\/wp-content\/uploads\/2022\/03\/IMG-7755-225x300.jpg\" alt=\"\" width=\"225\" height=\"300\" srcset=\"http:\/\/studiominnakoski.com\/wp-content\/uploads\/2022\/03\/IMG-7755-225x300.jpg 225w, http:\/\/studiominnakoski.com\/wp-content\/uploads\/2022\/03\/IMG-7755-768x1024.jpg 768w\" sizes=\"(max-width: 225px) 100vw, 225px\" \/><\/p>\n<p><img loading=\"lazy\" decoding=\"async\" class=\"alignnone size-medium wp-image-271\" src=\"http:\/\/studiominnakoski.com\/wp-content\/uploads\/2022\/03\/IMG-7748-225x300.jpg\" alt=\"\" width=\"225\" height=\"300\" srcset=\"http:\/\/studiominnakoski.com\/wp-content\/uploads\/2022\/03\/IMG-7748-225x300.jpg 225w, http:\/\/studiominnakoski.com\/wp-content\/uploads\/2022\/03\/IMG-7748-768x1024.jpg 768w\" sizes=\"(max-width: 225px) 100vw, 225px\" \/><img loading=\"lazy\" decoding=\"async\" class=\"size-medium wp-image-270 alignright\" src=\"http:\/\/studiominnakoski.com\/wp-content\/uploads\/2022\/03\/IMG-7750-225x300.jpg\" alt=\"\" width=\"225\" height=\"300\" srcset=\"http:\/\/studiominnakoski.com\/wp-content\/uploads\/2022\/03\/IMG-7750-225x300.jpg 225w, http:\/\/studiominnakoski.com\/wp-content\/uploads\/2022\/03\/IMG-7750-768x1024.jpg 768w\" sizes=\"(max-width: 225px) 100vw, 225px\" \/><\/p>\n<p>Tanssistudio toimi vanhassa sairaalarakennuksessa Hyrkin Puiston 4. kerroksessa syksyst\u00e4 2010 jouluun 2021. Tila on ollut aikoinaan sairaalan juhlasali aulatiloineen.<\/p>\n<p><img loading=\"lazy\" decoding=\"async\" class=\"alignnone size-medium wp-image-200\" src=\"http:\/\/studiominnakoski.com\/wp-content\/uploads\/2016\/05\/IMG-1691-1-300x225.jpg\" alt=\"\" width=\"300\" height=\"225\" srcset=\"http:\/\/studiominnakoski.com\/wp-content\/uploads\/2016\/05\/IMG-1691-1-300x225.jpg 300w, http:\/\/studiominnakoski.com\/wp-content\/uploads\/2016\/05\/IMG-1691-1-768x576.jpg 768w, http:\/\/studiominnakoski.com\/wp-content\/uploads\/2016\/05\/IMG-1691-1-1024x768.jpg 1024w\" sizes=\"(max-width: 300px) 100vw, 300px\" \/>\u00a0 \u00a0 \u00a0 \u00a0<img loading=\"lazy\" decoding=\"async\" class=\"alignnone size-medium wp-image-202\" src=\"http:\/\/studiominnakoski.com\/wp-content\/uploads\/2016\/05\/IMG-1693-300x225.jpg\" alt=\"\" width=\"300\" height=\"225\" srcset=\"http:\/\/studiominnakoski.com\/wp-content\/uploads\/2016\/05\/IMG-1693-300x225.jpg 300w, http:\/\/studiominnakoski.com\/wp-content\/uploads\/2016\/05\/IMG-1693-768x576.jpg 768w, http:\/\/studiominnakoski.com\/wp-content\/uploads\/2016\/05\/IMG-1693-1024x768.jpg 1024w\" sizes=\"(max-width: 300px) 100vw, 300px\" \/><\/p>\n<p><img loading=\"lazy\" decoding=\"async\" class=\"alignnone size-medium wp-image-201\" src=\"http:\/\/studiominnakoski.com\/wp-content\/uploads\/2016\/05\/IMG-1692-1-300x225.jpg\" alt=\"\" width=\"300\" height=\"225\" srcset=\"http:\/\/studiominnakoski.com\/wp-content\/uploads\/2016\/05\/IMG-1692-1-300x225.jpg 300w, http:\/\/studiominnakoski.com\/wp-content\/uploads\/2016\/05\/IMG-1692-1-768x576.jpg 768w, http:\/\/studiominnakoski.com\/wp-content\/uploads\/2016\/05\/IMG-1692-1-1024x768.jpg 1024w\" sizes=\"(max-width: 300px) 100vw, 300px\" \/>\u00a0 tanssisali<\/p>\n<p><img loading=\"lazy\" decoding=\"async\" class=\"alignnone size-medium wp-image-197\" src=\"http:\/\/studiominnakoski.com\/wp-content\/uploads\/2016\/05\/IMG-1687-300x225.jpg\" alt=\"\" width=\"300\" height=\"225\" srcset=\"http:\/\/studiominnakoski.com\/wp-content\/uploads\/2016\/05\/IMG-1687-300x225.jpg 300w, http:\/\/studiominnakoski.com\/wp-content\/uploads\/2016\/05\/IMG-1687-768x576.jpg 768w, http:\/\/studiominnakoski.com\/wp-content\/uploads\/2016\/05\/IMG-1687-1024x768.jpg 1024w\" sizes=\"(max-width: 300px) 100vw, 300px\" \/>\u00a0odotustila<\/p>\n<p><img loading=\"lazy\" decoding=\"async\" class=\"alignnone size-medium wp-image-198\" src=\"http:\/\/studiominnakoski.com\/wp-content\/uploads\/2016\/05\/IMG-1688-225x300.jpg\" alt=\"\" width=\"225\" height=\"300\" srcset=\"http:\/\/studiominnakoski.com\/wp-content\/uploads\/2016\/05\/IMG-1688-225x300.jpg 225w, http:\/\/studiominnakoski.com\/wp-content\/uploads\/2016\/05\/IMG-1688-768x1025.jpg 768w, http:\/\/studiominnakoski.com\/wp-content\/uploads\/2016\/05\/IMG-1688-767x1024.jpg 767w\" sizes=\"(max-width: 225px) 100vw, 225px\" \/>\u00a0eteistila<\/p>\n<p><img loading=\"lazy\" decoding=\"async\" class=\"alignnone size-medium wp-image-199\" src=\"http:\/\/studiominnakoski.com\/wp-content\/uploads\/2016\/05\/IMG-1690-225x300.jpg\" alt=\"\" width=\"225\" height=\"300\" srcset=\"http:\/\/studiominnakoski.com\/wp-content\/uploads\/2016\/05\/IMG-1690-225x300.jpg 225w, http:\/\/studiominnakoski.com\/wp-content\/uploads\/2016\/05\/IMG-1690-768x1024.jpg 768w\" sizes=\"(max-width: 225px) 100vw, 225px\" \/>\u00a0tanssijoiden pukeutumistila<\/p>\n","protected":false},"excerpt":{"rendered":"<p>Tanssistudio muutti uusiin tiloihin R\u00e4im\u00e4entielle tammikuussa 2022. Tiloista l\u00f6ytyy valoisa tanssisali peileineen ja tankoineen, odotus- ja pukutila sek\u00e4 vessa ja suihku. Tiloihin on esteet\u00f6n p\u00e4\u00e4sy. Studiolla voivat pienten tanssijoiden saattajat\u00a0 odotella oppilaan tunnin ajan ja tanssioppilaat voivat odotella rauhassa esim. kyyti\u00e4 kotiin. Koska tilat ovat vain Tanssistudio Minna Kosken k\u00e4yt\u00f6ss\u00e4, ei tule yll\u00e4tt\u00e4vi\u00e4 salivuoroperuutuksia. Tiloissa &hellip; <a href=\"http:\/\/studiominnakoski.com\/?page_id=208\" class=\"more-link\">Jatka artikkeliin <span class=\"screen-reader-text\">Tanssistudion tilat<\/span><\/a><\/p>\n","protected":false},"author":2,"featured_media":0,"parent":0,"menu_order":0,"comment_status":"closed","ping_status":"closed","template":"","meta":{"footnotes":""},"_links":{"self":[{"href":"http:\/\/studiominnakoski.com\/index.php?rest_route=\/wp\/v2\/pages\/208"}],"collection":[{"href":"http:\/\/studiominnakoski.com\/index.php?rest_route=\/wp\/v2\/pages"}],"about":[{"href":"http:\/\/studiominnakoski.com\/index.php?rest_route=\/wp\/v2\/types\/page"}],"author":[{"embeddable":true,"href":"http:\/\/studiominnakoski.com\/index.php?rest_route=\/wp\/v2\/users\/2"}],"replies":[{"embeddable":true,"href":"http:\/\/studiominnakoski.com\/index.php?rest_route=%2Fwp%2Fv2%2Fcomments&post=208"}],"version-history":[{"count":6,"href":"http:\/\/studiominnakoski.com\/index.php?rest_route=\/wp\/v2\/pages\/208\/revisions"}],"predecessor-version":[{"id":347,"href":"http:\/\/studiominnakoski.com\/index.php?rest_route=\/wp\/v2\/pages\/208\/revisions\/347"}],"wp:attachment":[{"href":"http:\/\/studiominnakoski.com\/index.php?rest_route=%2Fwp%2Fv2%2Fmedia&parent=208"}],"curies":[{"name":"wp","href":"https:\/\/api.w.org\/{rel}","templated":true}]}}