{"id":130,"date":"2019-07-04T19:07:17","date_gmt":"2019-07-04T17:07:17","guid":{"rendered":"http:\/\/studiominnakoski.com\/?page_id=130"},"modified":"2022-07-19T03:23:54","modified_gmt":"2022-07-19T01:23:54","slug":"tanssistudion-saannot","status":"publish","type":"page","link":"http:\/\/studiominnakoski.com\/?page_id=130","title":{"rendered":"Tanssistudion s\u00e4\u00e4nn\u00f6t"},"content":{"rendered":"<ol>\n<li><strong>Ilmoittautuminen<\/strong><\/li>\n<\/ol>\n<p>Tunnille ilmoittaudutaan aina etuk\u00e4teen puhelimitse tai s\u00e4hk\u00f6postilla. Alle 18v ilmoittautumisen tekee aina aikuinen. Ilmoittautuminen on sitova ja voimassa koko tanssivuoden (syksy + kev\u00e4t), jos muuta ei olla sovittu. Jos oppilas ei jatka en\u00e4\u00e4 kev\u00e4tkaudella, pit\u00e4\u00e4 oppilaspaikka irtisanoa viimeist\u00e4\u00e4n 15.12., muuten kev\u00e4\u00e4n osalta joutuu maksamaan peruutusmaksun eli 1\/5 kev\u00e4\u00e4n lukukausimaksusta. Laskutuksen syyn\u00e4 on turhaan varattu oppilaspaikka sek\u00e4 mahdolliset ryhm\u00e4koon muutoksesta aiheutuvat toimenpiteet.\u00a0 Jos oppilas lopettaa kesken maksetun tanssikauden, ei tanssistudiolla ole velvollisuutta maksaa erotusta oppilaalle.<\/p>\n<p>Jokaisesta uudesta oppilaasta t\u00e4ytet\u00e4\u00e4n ensimm\u00e4isell\u00e4 kerralla ilmoittautumislomake. Tietoja ei luovuteta kolmansille osapuolille vaan niit\u00e4 k\u00e4ytet\u00e4\u00e4n vain tanssistudion tiedotuksiin ja yhteydenottoihin.\u00a0 \u00a0 \u00a0 \u00a0 \u00a0 \u00a0 \u00a0 \u00a0 \u00a0 \u00a0 &#8221;Vanhat&#8221; oppilaat muistakaa pit\u00e4\u00e4 yhteystietonne ajantasalla!<\/p>\n<p>2. <strong>Maksut<\/strong><\/p>\n<p>Maksu m\u00e4\u00e4r\u00e4ytyy oppilaan viikkotuntien mukaan (kauden hinnasto) ja se tulee suorittaa er\u00e4p\u00e4iv\u00e4\u00e4n menness\u00e4. Jos maksua ei ole maksettu viim. er\u00e4p\u00e4iv\u00e4n\u00e4, oppilaalla ei ole oikeutta osallistua tunnille ennen kuin maksu on suoritettu. T\u00e4ss\u00e4 tapauksessa pit\u00e4\u00e4 tunnille ottaa mukaan kuitti maksetusta laskusta. Er\u00e4p\u00e4iv\u00e4n j\u00e4lkeen maksetuista laskuista lis\u00e4t\u00e4\u00e4n korkolain mukainen my\u00f6h\u00e4stymiskorko oppilaan seuraavaan laskuun. Mahdollisista maksumuistutuksista (viesti maksamattomasta laskusta) perit\u00e4\u00e4n 3 \u20ac lis\u00e4maksu ylim\u00e4\u00e4r\u00e4isin\u00e4 kuluina.<\/p>\n<p>Kaikille oppilaille jaetaan syksyll\u00e4 2. tunnilla ja kev\u00e4\u00e4ll\u00e4 jatkaville 1. tunnilla ja uusille 2. tunnilla lasku ja maksuaikaa on 2 viikkoa.<\/p>\n<p>3. <strong>Alennukset<\/strong><\/p>\n<p>Perhealennuksen saa viikkotanssitunneista toisesta samassa taloudessa asuvasta perheenj\u00e4senest\u00e4 (jne.) -15% edullisemmasta hinnasta.<\/p>\n<p>4. <strong>Tutustumiskerta<\/strong><\/p>\n<p>Uudet oppilaat voivat kokeilla yht\u00e4 tanssituntia veloituksetta (koskee vain s\u00e4\u00e4nn\u00f6llisi\u00e4 viikkotunteja). Jos oppilas jatkaa tunneilla, kokeilukerta katsotaan ensimm\u00e4iseksi tanssitunniksi, josta laskutetaan. Jos oppilas ei jatka 1. kerran j\u00e4lkeen, siit\u00e4 pit\u00e4\u00e4 ilmoittaa puhelimitse (viesti riitt\u00e4\u00e4) tai s\u00e4hk\u00f6postilla tanssistudiolle viimeist\u00e4\u00e4n viidenten\u00e4 p\u00e4iv\u00e4n\u00e4 kokeilutunnin j\u00e4lkeen.<\/p>\n<p>5. <strong>Ilmoittautumisen peruuttaminen<\/strong><\/p>\n<p>katso kohdat 1. ja 4.<\/p>\n<p>6. <strong>Poissaolot<\/strong><\/p>\n<p>Poissaoloista olisi hyv\u00e4 ilmoittaa etuk\u00e4teen esim. tekstiviestill\u00e4. T\u00e4m\u00e4 on erityisen t\u00e4rke\u00e4\u00e4 silloin, jos ryhm\u00e4 on pieni. Ilmoita poissaolo mielell\u00e4\u00e4n viimeist\u00e4\u00e4n samana p\u00e4iv\u00e4n\u00e4 klo 16 menness\u00e4<\/p>\n<p>Poissaoloja ei hyvitet\u00e4 rahallisesti, paitsi pitk\u00e4 sairausloma l\u00e4\u00e4k\u00e4rintodistusta vastaan.<\/p>\n<p>7. <strong>Tuntien peruuntuminen<\/strong><\/p>\n<p>Jos opettaja sairastuu tms., eik\u00e4 tilalle saada sijaista, tunnit joudutaan silt\u00e4 p\u00e4iv\u00e4lt\u00e4 perumaan. Perutut tunnit pyrit\u00e4\u00e4n korvaamaan uusilla tunneilla (yleens\u00e4 perjantaisin) tai takaisinmaksulla, jos tunteja ei pystyt\u00e4 j\u00e4rjest\u00e4m\u00e4\u00e4n lainkaan.<\/p>\n<p>8. <strong>Tiedottaminen<\/strong><\/p>\n<p>Oppilaille jaetaan tunneilla tiedotteet paperiversioina. Tiedotteet l\u00f6ytyv\u00e4t my\u00f6s jossakin muodossa tanssitudion facebook-sivulta ja instgramista. Poissaolijoille tiedotteet l\u00e4hetet\u00e4\u00e4n viestin\u00e4 pyydett\u00e4ess\u00e4.<\/p>\n<p>Pid\u00e4th\u00e4n huolen, ett\u00e4 yhteystietosi ovat ajantasalla! Mik\u00e4li annetut yhteystiedot ovat &#8221;vanhat&#8221;, tanssistudio ei ole vastuussa asiasta.<\/p>\n<p>9. <strong>Vakuutukset\u00a0<\/strong><\/p>\n<p>Tanssistudio ei ole vakuuttanut oppilaitaan eli lukukausimaksu ei sis\u00e4ll\u00e4 vakuutusta vaan jokainen oppilas (alaik\u00e4isen oppilaan huoltaja) huolehtii omista vakuutuksistaan.<\/p>\n<p>10. <strong>Kuvat ja videot<\/strong><\/p>\n<p>Tanssistudiolla on oikeus k\u00e4ytt\u00e4\u00e4 tanssitunneilla, kursseilla, studion juhlissa ja esiintymisiss\u00e4, n\u00e4yt\u00f6ksiss\u00e4 sek\u00e4 muissa tanssitudion tilaisuuksissa otettuja kuvia sek\u00e4 videoita oppilaista instagramissaan, facebook- ja nettisivuilla sek\u00e4 markkinoinnissa.<\/p>\n<p>Jokaiselta oppilaalta\/huoltajalta pyydet\u00e4\u00e4n kirjallinen lupa kuvien k\u00e4ytt\u00f6\u00f6n. Oppilaista, joiden kuvien julkaisemiseen ei ole lupaa, voidaan kuitenkin julkaista kuvia, joista heit\u00e4 ei tunnista (esim. kuvat takaap\u00e4in).<\/p>\n<p>11.\u00a0<strong>Muuta<\/strong><\/p>\n<ul>\n<li>Tanssistudio on vastuussa lapsesta vain h\u00e4nen tanssituntinsa ajan! Pient\u00e4 lasta ei voi j\u00e4tt\u00e4\u00e4 yksin odottamaan tanssituntinsa alkua ja h\u00e4nt\u00e4\u00a0pit\u00e4\u00e4 olla ajoissa hakemassa tanssitunnilta.<\/li>\n<li>Muutokset lukuvuoden aikatauluihin ovat mahdollisia. Niist\u00e4 pyrit\u00e4\u00e4n ilmoittamaan ajoissa oppilaille.<\/li>\n<li>Tanssiryhm\u00e4\u00e4n tarvitaan v\u00e4hint\u00e4\u00e4n 5 oppilasta, ett\u00e4 se alkaa. Jos ryhm\u00e4n koko pienenee kesken tanssikauden alle viiteen, ryhm\u00e4 saatetaan yhdist\u00e4\u00e4 toiseen ryhm\u00e4\u00e4n tai voidaan joutua lopettamaan kauden loppuun. (Poikkeuksia lukuunottamatta)<\/li>\n<li>Studion ovet aukeavat n. 10 min ennen aamup\u00e4iv\u00e4n tai illan ensimm\u00e4ist\u00e4 tuntia.<\/li>\n<li>Tanssistudio ei vastaa pukuhuoneisin j\u00e4tetyist\u00e4 tavaroista. Odotustilassa on kori, johon l\u00f6yt\u00f6tavara laitetaan ja s\u00e4ilytet\u00e4\u00e4n aina tanssivuoden loppuun asti.<\/li>\n<li>Tanssin\u00e4yt\u00f6ksiin on erillinen ilmoittautuminen, jossa oppilas sitoutuu k\u00e4ym\u00e4\u00e4n s\u00e4\u00e4nn\u00f6llisesti tunneillaan ja harjoituksissa. Opettajalla on oikeus ev\u00e4t\u00e4 oppilaan osallistuminen n\u00e4yt\u00f6kseen, jos oppilas on ilman hyv\u00e4\u00e4 syyt\u00e4 poissa tunneiltaan. Satubalettilaiset voivat osallistua yleens\u00e4 vain kev\u00e4tn\u00e4yt\u00f6kseen. HUOM.! N\u00e4yt\u00f6ksiin osallistuminen on vapaaehtoista!<\/li>\n<li>Tanssistudiolla tehdyt esitykset ja koreografiat ovat tekij\u00e4noikeuslain alaisia. Niit\u00e4 ei saa esitt\u00e4\u00e4 eik\u00e4 julkaista ilman tanssistudion ja koreografin lupaa.<\/li>\n<\/ul>\n<p><img loading=\"lazy\" decoding=\"async\" class=\"alignnone size-medium wp-image-166\" src=\"http:\/\/studiominnakoski.com\/wp-content\/uploads\/2019\/07\/IMG-4220-260x300.jpg\" alt=\"\" width=\"260\" height=\"300\" srcset=\"http:\/\/studiominnakoski.com\/wp-content\/uploads\/2019\/07\/IMG-4220-260x300.jpg 260w, http:\/\/studiominnakoski.com\/wp-content\/uploads\/2019\/07\/IMG-4220-768x887.jpg 768w, http:\/\/studiominnakoski.com\/wp-content\/uploads\/2019\/07\/IMG-4220-887x1024.jpg 887w\" sizes=\"(max-width: 260px) 100vw, 260px\" \/><\/p>\n","protected":false},"excerpt":{"rendered":"<p>Ilmoittautuminen Tunnille ilmoittaudutaan aina etuk\u00e4teen puhelimitse tai s\u00e4hk\u00f6postilla. Alle 18v ilmoittautumisen tekee aina aikuinen. Ilmoittautuminen on sitova ja voimassa koko tanssivuoden (syksy + kev\u00e4t), jos muuta ei olla sovittu. Jos oppilas ei jatka en\u00e4\u00e4 kev\u00e4tkaudella, pit\u00e4\u00e4 oppilaspaikka irtisanoa viimeist\u00e4\u00e4n 15.12., muuten kev\u00e4\u00e4n osalta joutuu maksamaan peruutusmaksun eli 1\/5 kev\u00e4\u00e4n lukukausimaksusta. Laskutuksen syyn\u00e4 on turhaan varattu &hellip; <a href=\"http:\/\/studiominnakoski.com\/?page_id=130\" class=\"more-link\">Jatka artikkeliin <span class=\"screen-reader-text\">Tanssistudion s\u00e4\u00e4nn\u00f6t<\/span><\/a><\/p>\n","protected":false},"author":2,"featured_media":0,"parent":0,"menu_order":6,"comment_status":"closed","ping_status":"closed","template":"","meta":{"footnotes":""},"_links":{"self":[{"href":"http:\/\/studiominnakoski.com\/index.php?rest_route=\/wp\/v2\/pages\/130"}],"collection":[{"href":"http:\/\/studiominnakoski.com\/index.php?rest_route=\/wp\/v2\/pages"}],"about":[{"href":"http:\/\/studiominnakoski.com\/index.php?rest_route=\/wp\/v2\/types\/page"}],"author":[{"embeddable":true,"href":"http:\/\/studiominnakoski.com\/index.php?rest_route=\/wp\/v2\/users\/2"}],"replies":[{"embeddable":true,"href":"http:\/\/studiominnakoski.com\/index.php?rest_route=%2Fwp%2Fv2%2Fcomments&post=130"}],"version-history":[{"count":4,"href":"http:\/\/studiominnakoski.com\/index.php?rest_route=\/wp\/v2\/pages\/130\/revisions"}],"predecessor-version":[{"id":359,"href":"http:\/\/studiominnakoski.com\/index.php?rest_route=\/wp\/v2\/pages\/130\/revisions\/359"}],"wp:attachment":[{"href":"http:\/\/studiominnakoski.com\/index.php?rest_route=%2Fwp%2Fv2%2Fmedia&parent=130"}],"curies":[{"name":"wp","href":"https:\/\/api.w.org\/{rel}","templated":true}]}}