{"id":12,"date":"2017-01-08T21:46:26","date_gmt":"2017-01-08T19:46:26","guid":{"rendered":"http:\/\/studiominnakoski.com\/?page_id=12"},"modified":"2025-08-04T00:29:52","modified_gmt":"2025-08-03T22:29:52","slug":"tanssituntikuvaukset","status":"publish","type":"page","link":"http:\/\/studiominnakoski.com\/?page_id=12","title":{"rendered":"Tanssituntikuvaukset"},"content":{"rendered":"<table style=\"height: 3274px;\" width=\"660\">\n<tbody>\n<tr>\n<td>\u00a0<img loading=\"lazy\" decoding=\"async\" class=\"alignnone size-medium wp-image-178\" src=\"http:\/\/studiominnakoski.com\/wp-content\/uploads\/2017\/01\/IMG-7229-300x159.jpg\" alt=\"\" width=\"300\" height=\"159\" srcset=\"http:\/\/studiominnakoski.com\/wp-content\/uploads\/2017\/01\/IMG-7229-300x159.jpg 300w, http:\/\/studiominnakoski.com\/wp-content\/uploads\/2017\/01\/IMG-7229-768x407.jpg 768w, http:\/\/studiominnakoski.com\/wp-content\/uploads\/2017\/01\/IMG-7229-1024x543.jpg 1024w\" sizes=\"(max-width: 300px) 100vw, 300px\" \/><strong>Satubaletti\u00a0 3-6v<\/strong><\/td>\n<\/tr>\n<tr>\n<td>Tunti on leikinomainen sis\u00e4lt\u00e4en balettiharjoituksia (esim. perustankoliikkeit\u00e4 ja balettiasentoja), hyppyj\u00e4, tasapainoja, pieni\u00e4 venytyksi\u00e4, tanssiharjoituksia ym. Samalla harjoitellaan ryhm\u00e4ss\u00e4 olemista, ohjeiden kuuntelua ja noudattamista, muiden huomioon ottamista ja tietenkin nautitaan tanssin ilosta.<\/td>\n<\/tr>\n<tr>\n<td><\/td>\n<\/tr>\n<tr>\n<td><\/td>\n<\/tr>\n<tr>\n<td><\/td>\n<\/tr>\n<tr>\n<td><strong>Esibaletti 6-7v<\/strong><\/td>\n<\/tr>\n<tr>\n<td>Ryhm\u00e4ss\u00e4 harjoitellaan baletin perusasioita, kuten tanko-, keskilattia- ja diagonaaliharjoituksia (sis\u00e4lt\u00e4en baletin perusliikkeit\u00e4 ja -asentoja, askeleita, hyppyj\u00e4, venytyksi\u00e4 ym.)\u00a0 kuitenkin viel\u00e4 leikinomaisesti sek\u00e4 tanssitaan ja nautitaan tanssin ilosta. Edelleen harjoittelemme my\u00f6s ryhm\u00e4ss\u00e4 olemista.<\/td>\n<\/tr>\n<tr>\n<td><img loading=\"lazy\" decoding=\"async\" class=\"alignnone size-medium wp-image-133\" src=\"http:\/\/studiominnakoski.com\/wp-content\/uploads\/2019\/07\/AC3AB4A6-AED5-4AC5-B166-8F2F5A3FE92B-300x157.jpg\" alt=\"\" width=\"300\" height=\"157\" srcset=\"http:\/\/studiominnakoski.com\/wp-content\/uploads\/2019\/07\/AC3AB4A6-AED5-4AC5-B166-8F2F5A3FE92B-300x157.jpg 300w, http:\/\/studiominnakoski.com\/wp-content\/uploads\/2019\/07\/AC3AB4A6-AED5-4AC5-B166-8F2F5A3FE92B-768x402.jpg 768w, http:\/\/studiominnakoski.com\/wp-content\/uploads\/2019\/07\/AC3AB4A6-AED5-4AC5-B166-8F2F5A3FE92B-1024x536.jpg 1024w\" sizes=\"(max-width: 300px) 100vw, 300px\" \/><\/p>\n<p><strong>Klassinen baletti<\/strong><\/p>\n<p>Baletin harrastamisen suositeltava ik\u00e4 aloittaa olisi viimeist\u00e4\u00e4n 7 vuotiaana ja ryhm\u00e4mme menev\u00e4t sen mukaan. Baletin voi kuitenkin aloittaa mink\u00e4 ik\u00e4isen\u00e4 tahansa! Kuitenkin kaikkien on tavalla tai toisella aloitettava alkeista eli keskustele opettajan kanssa mik\u00e4 ryhm\u00e4 olisi sopiva. Ryhm\u00e4t eiv\u00e4t siis mene i\u00e4n mukaan vaan tanssittujen vuosien mukaan.<\/p>\n<p>Perusbalettitunti sis\u00e4lt\u00e4\u00e4 tanko-, keskilattia- ja diagonaaliharjoituksia (baletin perusliikkeit\u00e4 ryhm\u00e4tason mukaan) sek\u00e4 tuntisuunnitelman mukaan tanssikoreografioita, venyttely\u00e4, vatsa- ja selk\u00e4lihasharjoituksia ym.\u00a0 Keskilattia ja diagonaaliharjoitukset sis\u00e4lt\u00e4v\u00e4t esim. erilaisia askeleita, hyppyj\u00e4 ja piruetteja ja niiden sarjoja.<\/p>\n<p>Koitamme kaikilla tunneilla my\u00f6s nauttia vapaasta tanssista eli mahdollisuudesta improvisoida oman mielens\u00e4 mukaan musiikkiin oman tanssinsa ja nauttia tanssin ilosta.<\/td>\n<\/tr>\n<tr>\n<td>\u00a0 alkeet 7v-<\/td>\n<\/tr>\n<tr>\n<td>\u00a0 perustaso<\/td>\n<\/tr>\n<tr>\n<td>\u00a0 jatkotaso<\/td>\n<\/tr>\n<tr>\n<td><\/td>\n<\/tr>\n<tr>\n<td>1 &amp; 2 &amp; 3 &amp; 4 &amp; 5 &amp; 6 &amp; 7 &amp; 8 &amp; 9<\/td>\n<\/tr>\n<tr>\n<td><\/td>\n<\/tr>\n<tr>\n<td>\u00a0aikuisbaletti alkeet &amp; jatko<\/td>\n<\/tr>\n<tr>\n<td>\u00a0aikuisbaletti edistyneet<\/td>\n<\/tr>\n<tr>\n<td><\/td>\n<\/tr>\n<tr>\n<td><strong>DANZARE &amp; Danzare junior<\/strong><\/td>\n<\/tr>\n<tr>\n<td>Kilpa- ja esiintymisryhm\u00e4, joka esiintyy tanssistudion n\u00e4yt\u00f6ksiss\u00e4 (kaikista muistakin ryhmist\u00e4mme jokainen voi osallistua n\u00e4yt\u00f6ksiimme), erilaisissa tilaisuuksissa ja osallistuu erilaisiin tanssikilpailuihin ja -tapahtumiin. Valintatesti Danzareen on kev\u00e4\u00e4ll\u00e4\/kes\u00e4ll\u00e4, jolloin ryhm\u00e4\u00e4n voi hakea seuraavaksi tanssivuodeksi samana vuonna 12v t\u00e4ytt\u00e4v\u00e4t (seuraa facebook- &amp; instagram-sivujamme)<\/td>\n<\/tr>\n<tr>\n<td><strong>Tanssiakro mini \/ maxi\u00a0<\/strong><\/td>\n<\/tr>\n<tr>\n<td>\u00a0Tunti sis\u00e4lt\u00e4\u00e4 erilaisia tanssitekniikoita ja -liikkeit\u00e4 (askelsarjoja, koordinaatioharjoituksia, hyppyj\u00e4, piruetteja ym.), lihaskuntoharjoituksia ja perusakrobatiaa (kuperkeikat, k\u00e4rrynpy\u00f6r\u00e4t, sillat, p\u00e4\u00e4ll\u00e4- ja k\u00e4sill\u00e4seisonnat ym., ryhm\u00e4n tason mukaan my\u00f6s pari- ja ryhm\u00e4akrobatiaa) sek\u00e4 tanssikoreografioiden harjoittelua, joissa yhdistet\u00e4\u00e4n sek\u00e4 tanssi ett\u00e4 akrobatia tanssin iloa unohtamatta. Tunneilla edet\u00e4\u00e4n ryhm\u00e4n tason mukaan.<\/td>\n<\/tr>\n<tr>\n<td><strong>Jazztanssi\u00a0 13v &#8211; aikuiset<\/strong><\/p>\n<p>Jazztanssituntimme on tyylilt\u00e4\u00e4n perusjazztanssia. Tunti sis\u00e4lt\u00e4\u00e4 l\u00e4mmittelyn j\u00e4lkeen erilaisia askelsarjoja, tasapainoja, piruetteja, hyppyj\u00e4, koordinaatioharjoituksia, lihaskuntoa, tanssisarjoja, venyttely\u00e4 ym tuntisuunnitelman mukaan.<\/p>\n<p><strong>Charleston<\/strong><\/p>\n<p>Mukaansa tempaava tanssitunti charlestonin parissa.\u00a0 Alkul\u00e4mmittelyn j\u00e4lkeen tunnilla harjoitellaan tanssiliikkeit\u00e4 ja askeleita, joista\u00a0 yhdistet\u00e4\u00e4n tanssisarja. Tunti sopii kaiken ik\u00e4isille.<\/td>\n<\/tr>\n<tr>\n<td><\/td>\n<\/tr>\n<tr>\n<td><\/td>\n<\/tr>\n<tr>\n<td><\/td>\n<\/tr>\n<tr>\n<td><img loading=\"lazy\" decoding=\"async\" class=\"alignnone size-medium wp-image-180\" src=\"http:\/\/studiominnakoski.com\/wp-content\/uploads\/2017\/01\/IMG-7230-300x149.jpg\" alt=\"\" width=\"300\" height=\"149\" srcset=\"http:\/\/studiominnakoski.com\/wp-content\/uploads\/2017\/01\/IMG-7230-300x149.jpg 300w, http:\/\/studiominnakoski.com\/wp-content\/uploads\/2017\/01\/IMG-7230-768x381.jpg 768w, http:\/\/studiominnakoski.com\/wp-content\/uploads\/2017\/01\/IMG-7230-1024x509.jpg 1024w\" sizes=\"(max-width: 300px) 100vw, 300px\" \/><\/td>\n<\/tr>\n<tr>\n<td><strong>A<\/strong><strong>ikuisbaletti <\/strong><\/p>\n<p>Jos olet lapsena tanssinut balettia tai olet aina haaveilut balettitunneista, niin koskaan ei ole liian my\u00f6h\u00e4ist\u00e4 aloittaa \ud83d\ude42 .<\/p>\n<p>Tunti sis\u00e4lt\u00e4\u00e4 tanko-, keskilattia ja l\u00e4pitilan harjoituksia, venyttely\u00e4, ym. sek\u00e4 tanssisarjoja.<\/td>\n<\/tr>\n<tr>\n<td>\u00a0 alkeet &amp; jatko<\/td>\n<\/tr>\n<tr>\n<td>\u00a0 edistyneet<\/td>\n<\/tr>\n<tr>\n<td><\/td>\n<\/tr>\n<tr>\n<td><\/td>\n<\/tr>\n<tr>\n<td><\/td>\n<\/tr>\n<\/tbody>\n<\/table>\n<p><strong>Tanssijan kehonhuolto (satunnaisesti, seuraa ilmoittelua)<\/strong><\/p>\n<p>Harvemmin tanssitunneilla j\u00e4\u00e4 aikaa varsinaiseen kehonhuoltoon. T\u00e4ll\u00e4 tunnilla huolletaan kehoa liikkuvuusharjoitteilla sek\u00e4 venytellen, hieroen ja rentoutuen.<\/p>\n<p><strong>Bebe-tanssi\u00a0 \u00a0 \u00a03-10 kk lapsi aikuisen kanssa\u00a0 (jos kiinnostuneita l\u00f6ytyy, ryhm\u00e4 pystyt\u00e4\u00e4n perustamaan)<\/strong><\/p>\n<p>Ryhm\u00e4 on tarkoitettu vauvaik\u00e4isille lapsille yhdess\u00e4 olosta sek\u00e4 tanssin ilosta nauttien yhdess\u00e4 aikuisen kanssa. Lapsen kanssa tunnille voi osallistua oma vanhempi, isovanhempi tai esim. kummi. Tunnilla otetaan huomioon lapsen kehitys ja liikkeet tehd\u00e4\u00e4n lapsen ehdoilla. Tunti on siis lapsen tunti eli siit\u00e4 menee vain yksi maksu.<\/p>\n<p>Tunti sis\u00e4lt\u00e4\u00e4 loruilua, keinuttelua, lauleskelua, tanssia, musiikkia ja liikett\u00e4 yhdess\u00e4 turvallisesti oman aikuisen kanssa.<\/p>\n<p><strong>Piccolo-ryhm\u00e4\u00a0 \u00a01-5v\u00a0 lapsi aikuisen kanssa\u00a0 (jos kiinnostuneita l\u00f6ytyy, ryhm\u00e4 pystyt\u00e4\u00e4n perustamaan)<\/strong><\/p>\n<p>Ryhm\u00e4 on tarkoitettu lapsille yhdess\u00e4 oloksi ja tanssin ja liikkeen iloksi aikuisen kanssa. Lapsen kanssa tunnille voi osallistua oma vanhempi, isovanhempi tai esim. kummi. Tunnilla otetaan huomioon lapsen kehitys ja liikkeet tehd\u00e4\u00e4n lapsen ehdoilla. Tunti on siis lapsen tunti eli siit\u00e4 menee vain yksi maksu.<\/p>\n<p>Tunnilla tanssitaan, liikutaan, loruillaan, kuunnellaan, temppuillaan ja nautitaan yhdess\u00e4 olosta oman aikuisen kanssa.<\/p>\n<p><strong>TANSSIRYHM\u00c4\u00c4N<\/strong> TARVITAAN<strong> V\u00c4HINT\u00c4\u00c4 5 OPPILASTA, ETT\u00c4 SE ALKAA! <\/strong>Jos ryhm\u00e4n koko pienenee kesken vuoden alle 5, ryhm\u00e4 saatetaan yhdist\u00e4\u00e4 mahdollisuuksien mukaan toiseen ryhm\u00e4\u00e4n tai saatetaan joutua valitettavasti lopettamaan.<\/p>\n","protected":false},"excerpt":{"rendered":"<p>\u00a0Satubaletti\u00a0 3-6v Tunti on leikinomainen sis\u00e4lt\u00e4en balettiharjoituksia (esim. perustankoliikkeit\u00e4 ja balettiasentoja), hyppyj\u00e4, tasapainoja, pieni\u00e4 venytyksi\u00e4, tanssiharjoituksia ym. Samalla harjoitellaan ryhm\u00e4ss\u00e4 olemista, ohjeiden kuuntelua ja noudattamista, muiden huomioon ottamista ja tietenkin nautitaan tanssin ilosta. Esibaletti 6-7v Ryhm\u00e4ss\u00e4 harjoitellaan baletin perusasioita, kuten tanko-, keskilattia- ja diagonaaliharjoituksia (sis\u00e4lt\u00e4en baletin perusliikkeit\u00e4 ja -asentoja, askeleita, hyppyj\u00e4, venytyksi\u00e4 ym.)\u00a0 kuitenkin viel\u00e4 &hellip; <a href=\"http:\/\/studiominnakoski.com\/?page_id=12\" class=\"more-link\">Jatka artikkeliin <span class=\"screen-reader-text\">Tanssituntikuvaukset<\/span><\/a><\/p>\n","protected":false},"author":1,"featured_media":0,"parent":0,"menu_order":0,"comment_status":"closed","ping_status":"closed","template":"","meta":{"footnotes":""},"_links":{"self":[{"href":"http:\/\/studiominnakoski.com\/index.php?rest_route=\/wp\/v2\/pages\/12"}],"collection":[{"href":"http:\/\/studiominnakoski.com\/index.php?rest_route=\/wp\/v2\/pages"}],"about":[{"href":"http:\/\/studiominnakoski.com\/index.php?rest_route=\/wp\/v2\/types\/page"}],"author":[{"embeddable":true,"href":"http:\/\/studiominnakoski.com\/index.php?rest_route=\/wp\/v2\/users\/1"}],"replies":[{"embeddable":true,"href":"http:\/\/studiominnakoski.com\/index.php?rest_route=%2Fwp%2Fv2%2Fcomments&post=12"}],"version-history":[{"count":24,"href":"http:\/\/studiominnakoski.com\/index.php?rest_route=\/wp\/v2\/pages\/12\/revisions"}],"predecessor-version":[{"id":436,"href":"http:\/\/studiominnakoski.com\/index.php?rest_route=\/wp\/v2\/pages\/12\/revisions\/436"}],"wp:attachment":[{"href":"http:\/\/studiominnakoski.com\/index.php?rest_route=%2Fwp%2Fv2%2Fmedia&parent=12"}],"curies":[{"name":"wp","href":"https:\/\/api.w.org\/{rel}","templated":true}]}}